{"id":14,"date":"2024-02-05T10:30:35","date_gmt":"2024-02-05T10:30:35","guid":{"rendered":"https:\/\/boprelog.hr\/wp\/?page_id=14"},"modified":"2024-02-09T12:55:15","modified_gmt":"2024-02-09T12:55:15","slug":"o-nama","status":"publish","type":"page","link":"https:\/\/boprelog.hr\/de\/o-nama\/","title":{"rendered":"\u00dcber uns"},"content":{"rendered":"<p><\/p>\n\n\n\n<p>Das Unternehmen B&amp;O Prelog d.o.o. befindet sich im Norden Kroatiens, im Me\u0111imurje Region, in der Stadt Prelog.<\/p>\n\n\n\n<p>Das Unternehmen befasst sich mit der Planung und Herstellung von vorgefertigten Badezimmern, Bauelementen, der Herstellung von Baugruppen und Konstruktionen. Es werden moderne Bautechnologien gem\u00e4\u00df europ\u00e4ischen Standards verwendet, kombiniert mit langj\u00e4hriger Erfahrung der Mitarbeiter in verschiedenen Arbeitsbereichen <\/p>\n\n\n\n<p>Das Unternehmen B&amp;O Prelog d.o.o. arbeitet mit dem deutschen Unternehmen B&amp;O Gruppe zusammen, das an mehr als 30 Standorten in Deutschland t\u00e4tig ist und sich mit Wartung, Sanierung, Montage und innovativem Bau von Wohngeb\u00e4uden besch\u00e4ftigt.<\/p>\n\n\n\n<p>Modulare Bauweise ist immer noch eine vergleichsweise neue Methode, die Flexibilit\u00e4t, Geschwindigkeit und Einfachheit beim Bau kompletter Strukturen durch die Vorfertigung ihrer Module bietet. Im Vergleich zu traditionellen Baumethoden (Verwendung von Ziegeln und Betonbl\u00f6cken) kann die modulare Bauweise als eine neuere Generation des Bauens von Strukturen betrachtet werden.<\/p>\n\n\n\n<p>Der Raum wird optimal genutzt, dank vorgefertigter Pl\u00e4ne, die es erm\u00f6glichen, Einheiten einfach an dem gew\u00fcnschten Ort zu montieren und zu demontieren. Durch das Verbinden mehrerer modularer Einheiten entsteht eine Struktur, die f\u00fcr Wohngeb\u00e4ude, H\u00e4user, Kinderg\u00e4rten, B\u00fcros, Krankenh\u00e4user, Heime, Schulen und andere \u00e4hnliche Einrichtungen genutzt werden kann. <\/p>\n\n\n\n<p>Produktion von vorgefertigten Badezimmern erfolgt in Produktionshallen, die nicht in unmittelbarer N\u00e4he der f\u00fcr sie vorgesehenen Geb\u00e4ude liegen m\u00fcssen. Vorteilen beim Bau von Geb\u00e4uden mit modularen Badezimmern sind die geringeren Produktionskosten aufgrund der k\u00fcrzeren Herstellungszeit in den Produktionshallen und der weiter verk\u00fcrzten Bauzeit von Mehrfamilienh\u00e4usern, sogar auf unter 6 Monate.<\/p>\n\n\n\n<p>Die Montage selbst erfolgt auf der Baustelle, wo die fertigen Badezimmer an die Wasser-, Strom- und Gasnetze angeschlossen werden.<\/p>","protected":false},"excerpt":{"rendered":"<p>Tvrtka B&amp;O Prelog d.o.o. smje\u0161tena je na samom sjeveru Hrvatske, u Me\u0111imurskoj \u017eupaniji u gradu Prelogu. Tvrtka se bavi projektiranjem i proizvodnjom prefabriciranih kupaona, gra\u0111evinskih elemenata, izradom sklopova i konstrukcija. Koriste se suvremene gra\u0111evinske tehnologije u skladu s europskim standardima uz vi\u0161egodi\u0161nje iskustvo djelatnika u raznim podru\u010djima rada. Tvrtka B&amp;O Prelog d.o.o. sura\u0111uje s njema\u010dkom [&hellip;]<\/p>","protected":false},"author":1,"featured_media":0,"parent":0,"menu_order":0,"comment_status":"closed","ping_status":"closed","template":"","meta":{"footnotes":""},"class_list":["post-14","page","type-page","status-publish","hentry","post"],"_links":{"self":[{"href":"https:\/\/boprelog.hr\/de\/wp-json\/wp\/v2\/pages\/14","targetHints":{"allow":["GET"]}}],"collection":[{"href":"https:\/\/boprelog.hr\/de\/wp-json\/wp\/v2\/pages"}],"about":[{"href":"https:\/\/boprelog.hr\/de\/wp-json\/wp\/v2\/types\/page"}],"author":[{"embeddable":true,"href":"https:\/\/boprelog.hr\/de\/wp-json\/wp\/v2\/users\/1"}],"replies":[{"embeddable":true,"href":"https:\/\/boprelog.hr\/de\/wp-json\/wp\/v2\/comments?post=14"}],"version-history":[{"count":6,"href":"https:\/\/boprelog.hr\/de\/wp-json\/wp\/v2\/pages\/14\/revisions"}],"predecessor-version":[{"id":110,"href":"https:\/\/boprelog.hr\/de\/wp-json\/wp\/v2\/pages\/14\/revisions\/110"}],"wp:attachment":[{"href":"https:\/\/boprelog.hr\/de\/wp-json\/wp\/v2\/media?parent=14"}],"curies":[{"name":"wp","href":"https:\/\/api.w.org\/{rel}","templated":true}]}}