{"id":15,"date":"2024-02-05T10:30:35","date_gmt":"2024-02-05T10:30:35","guid":{"rendered":"https:\/\/boprelog.hr\/wp\/?page_id=15"},"modified":"2025-01-15T09:27:49","modified_gmt":"2025-01-15T09:27:49","slug":"kontakt","status":"publish","type":"page","link":"https:\/\/boprelog.hr\/de\/kontakt\/","title":{"rendered":"Kontakt"},"content":{"rendered":"<p><strong>B&amp;O Prelog d.o.o<\/strong><\/p>\n\n\n\n<p>Hrupine 12 | 40323 Prelog<\/p>\n\n\n\n<p>Telefon: +385 40 648 024<\/p>\n\n\n\n<p>E-Mail: <a href=\"mailto:m.havaic@boprelog.hr\">boprelog@boprelog.hr<\/a><\/p>\n\n\n\n<p>OIB: 00780302003<\/p>\n\n\n\n<p>MB: 4789865<\/p>\n\n\n\n<p>EUID: HRSR: 070154195<\/p>\n\n\n\n<p>VAT-ID:&nbsp; HR00780302003<\/p>\n\n\n\n<p>IBAN: HR4124840081135049767<\/p>\n\n\n\n<p>SWIFT: RZBHHR2X<\/p>\n\n\n\n<p>Gesch\u00e4ftsf\u00fchrung : Klaus Uwe Dohrn, Branko Martinec | Prokurist: Mario Havai\u0107<\/p>\n\n\n\n<hr class=\"wp-block-separator has-alpha-channel-opacity\"\/>\n\n\n\n<div class=\"wp-block-contact-form-7-contact-form-selector\">\n<div class=\"wpcf7 no-js\" id=\"wpcf7-f95-o1\" lang=\"en-US\" dir=\"ltr\">\n<div class=\"screen-reader-response\"><p role=\"status\" aria-live=\"polite\" aria-atomic=\"true\"><\/p> <ul><\/ul><\/div>\n<form action=\"\/de\/wp-json\/wp\/v2\/pages\/15#wpcf7-f95-o1\" method=\"post\" class=\"wpcf7-form init\" aria-label=\"Contact form\" novalidate=\"novalidate\" data-status=\"init\" data-trp-original-action=\"\/de\/wp-json\/wp\/v2\/pages\/15#wpcf7-f95-o1\">\n<div style=\"display: none;\">\n<input type=\"hidden\" name=\"_wpcf7\" value=\"95\" \/>\n<input type=\"hidden\" name=\"_wpcf7_version\" value=\"5.8.7\" \/>\n<input type=\"hidden\" name=\"_wpcf7_locale\" value=\"en_US\" \/>\n<input type=\"hidden\" name=\"_wpcf7_unit_tag\" value=\"wpcf7-f95-o1\" \/>\n<input type=\"hidden\" name=\"_wpcf7_container_post\" value=\"0\" \/>\n<input type=\"hidden\" name=\"_wpcf7_posted_data_hash\" value=\"\" \/>\n<\/div>\n<p><label> Name<br \/>\n<span class=\"wpcf7-form-control-wrap\" data-name=\"your-name\"><input size=\"40\" class=\"wpcf7-form-control wpcf7-text wpcf7-validates-as-required\" autocomplete=\"name\" aria-required=\"true\" aria-invalid=\"false\" value=\"\" type=\"text\" name=\"your-name\" \/><\/span> <\/label>\n<\/p>\n<p><label> E-mail<br \/>\n<span class=\"wpcf7-form-control-wrap\" data-name=\"your-email\"><input size=\"40\" class=\"wpcf7-form-control wpcf7-email wpcf7-validates-as-required wpcf7-text wpcf7-validates-as-email\" autocomplete=\"email\" aria-required=\"true\" aria-invalid=\"false\" value=\"\" type=\"email\" name=\"your-email\" \/><\/span> <\/label>\n<\/p>\n<p><label> Telefon<br \/>\n<span class=\"wpcf7-form-control-wrap\" data-name=\"Telefon\"><input size=\"40\" class=\"wpcf7-form-control wpcf7-tel wpcf7-text wpcf7-validates-as-tel\" aria-invalid=\"false\" value=\"\" type=\"tel\" name=\"Telefon\" \/><\/span> <\/label>\n<\/p>\n<p><label> Titel<br \/>\n<span class=\"wpcf7-form-control-wrap\" data-name=\"your-subject\"><input size=\"40\" class=\"wpcf7-form-control wpcf7-text wpcf7-validates-as-required\" aria-required=\"true\" aria-invalid=\"false\" value=\"\" type=\"text\" name=\"your-subject\" \/><\/span> <\/label>\n<\/p>\n<p><label> Ihre Nachricht<br \/>\n<span class=\"wpcf7-form-control-wrap\" data-name=\"your-message\"><textarea cols=\"40\" rows=\"10\" class=\"wpcf7-form-control wpcf7-textarea\" aria-invalid=\"false\" name=\"your-message\"><\/textarea><\/span> <\/label>\n<\/p>\n<p><input class=\"wpcf7-form-control wpcf7-submit has-spinner\" type=\"submit\" value=\"Senden!\" \/>\n<\/p><div class=\"wpcf7-response-output\" aria-hidden=\"true\"><\/div>\n<input type=\"hidden\" name=\"trp-form-language\" value=\"de\"\/><\/form>\n<\/div>\n<\/div>\n\n\n\n<p><\/p>","protected":false},"excerpt":{"rendered":"<p>B&amp;O Prelog d.o.o Hrupine 12 | 40323 Prelog Telefon: +385 40 648 024 E-Mail: boprelog@boprelog.hr OIB: 00780302003 MB: 4789865 EUID: HRSR: 070154195 VAT-ID:&nbsp; HR00780302003 IBAN: HR4124840081135049767 SWIFT: RZBHHR2X Uprava: Klaus Uwe Dohrn, Branko Martinec | Prokurist: Mario Havai\u0107<\/p>","protected":false},"author":1,"featured_media":0,"parent":0,"menu_order":0,"comment_status":"closed","ping_status":"closed","template":"","meta":{"footnotes":""},"class_list":["post-15","page","type-page","status-publish","hentry","post"],"_links":{"self":[{"href":"https:\/\/boprelog.hr\/de\/wp-json\/wp\/v2\/pages\/15","targetHints":{"allow":["GET"]}}],"collection":[{"href":"https:\/\/boprelog.hr\/de\/wp-json\/wp\/v2\/pages"}],"about":[{"href":"https:\/\/boprelog.hr\/de\/wp-json\/wp\/v2\/types\/page"}],"author":[{"embeddable":true,"href":"https:\/\/boprelog.hr\/de\/wp-json\/wp\/v2\/users\/1"}],"replies":[{"embeddable":true,"href":"https:\/\/boprelog.hr\/de\/wp-json\/wp\/v2\/comments?post=15"}],"version-history":[{"count":8,"href":"https:\/\/boprelog.hr\/de\/wp-json\/wp\/v2\/pages\/15\/revisions"}],"predecessor-version":[{"id":116,"href":"https:\/\/boprelog.hr\/de\/wp-json\/wp\/v2\/pages\/15\/revisions\/116"}],"wp:attachment":[{"href":"https:\/\/boprelog.hr\/de\/wp-json\/wp\/v2\/media?parent=15"}],"curies":[{"name":"wp","href":"https:\/\/api.w.org\/{rel}","templated":true}]}}