{"id":52,"date":"2024-02-05T11:06:27","date_gmt":"2024-02-05T11:06:27","guid":{"rendered":"https:\/\/boprelog.hr\/wp\/?page_id=52"},"modified":"2024-02-09T12:13:29","modified_gmt":"2024-02-09T12:13:29","slug":"home-page","status":"publish","type":"page","link":"https:\/\/boprelog.hr\/de\/","title":{"rendered":"Home Page"},"content":{"rendered":"<div id=\"pl-52\"  class=\"panel-layout\" ><div id=\"pg-52-0\"  class=\"panel-grid panel-has-style\" ><div class=\"wide-grey panel-row-style panel-row-style-for-52-0\" ><div id=\"pgc-52-0-0\"  class=\"panel-grid-cell\" ><div id=\"panel-52-0-0-0\" class=\"so-panel widget widget_headline-widget panel-first-child panel-last-child\" data-index=\"0\" >\t\t<h1>Herstellung von vorgefertigten Badezimmern<\/h1>\n\t\t<div class=\"decoration\"><div class=\"decoration-inside\"><\/div><\/div>\n\t\t<h3>Unsere standardisierten Fertigb\u00e4der stellen wir seit 2017 in unserem Werk in Prelog\/Kroatien her. Sie haben ein Zellengewicht von unter 300 kg\/m\u00b2 und sind mit allen Funktionen, erforderlichen Materialien und Einrichtungsgegenst\u00e4nden ausgestattet.\n\nDie fertigen Badzellen werden just in time auf die Baustelle geliefert und nach dem Plug &amp; Play Prinzip im Rohbau angeschlossen. Sie sind gleichzeitig Bad und zentrale Technikzelle f\u00fcr die Wohnung, inklusive der Anschl\u00fcsse f\u00fcr die Heizung, Elektroinstallationen und die K\u00fcche.<\/h3>\n\t\t<\/div><\/div><\/div><\/div><div id=\"pg-52-1\"  class=\"panel-grid panel-no-style\" ><div id=\"pgc-52-1-0\"  class=\"panel-grid-cell\" ><div id=\"panel-52-1-0-0\" class=\"so-panel widget widget_block panel-first-child panel-last-child\" data-index=\"1\" ><\/div><\/div><\/div><div id=\"pg-52-2\"  class=\"panel-grid panel-no-style\" ><div id=\"pgc-52-2-0\"  class=\"panel-grid-cell\" ><div id=\"panel-52-2-0-0\" class=\"so-panel widget widget_circleicon-widget panel-first-child panel-last-child\" data-index=\"2\" >\t\t<div class=\"circle-icon-box circle-icon-position-top circle-icon-hide-box circle-icon-size-small\">\n\t\t\t\t\t\t\t<div class=\"circle-icon-wrapper\">\n\t\t\t\t\t\t\t\t\t\t<a href=\"https:\/\/boprelog.hr\/de\/o-nama\/\" class=\"link-icon\" >\t\t\t\t\t<div class=\"circle-icon icon-style-set\" style=\"background-color: #b78b1d\">\n\t\t\t\t\t\t\t\t\t\t\t\t\t<div class=\"fa fa-check-circle-o\" style=\"color: #ffffff\"><\/div>\n\t\t\t\t\t\t\t\t\t\t\t<\/div> \n\t\t\t\t\t<\/a>\t\t\t\t<\/div>\n\t\t\t\n\t\t\t\t\t\t\t<a href=\"https:\/\/boprelog.hr\/de\/o-nama\/\" class=\"link-title\" >\n\t\t\t\t\t\t\t\t\t\t<h4 style=\"color: #ffffff\">\n\t\t\t\t\tInovacija\t\t\t\t<\/h4>\n\t\t\t\t\t\t\t\t\t\t<\/a>\n\t\t\t\n\t\t\t\t\t\t\t<p class=\"text\" style=\"color: #ffffff\">Eigenes 3D-Modellieren und Dokumentationsentwicklung<\/p>\n\t\t\t\t\t\t\t\t\t\t<a href=\"https:\/\/boprelog.hr\/de\/o-nama\/\" class=\"more-button\" >Erfahren Sie mehr! <i><\/i><\/a>\n\t\t\t\t\t<\/div>\n\t\t<\/div><\/div><div id=\"pgc-52-2-1\"  class=\"panel-grid-cell\" ><div id=\"panel-52-2-1-0\" class=\"so-panel widget widget_circleicon-widget panel-first-child panel-last-child\" data-index=\"3\" >\t\t<div class=\"circle-icon-box circle-icon-position-top circle-icon-hide-box circle-icon-size-small\">\n\t\t\t\t\t\t\t<div class=\"circle-icon-wrapper\">\n\t\t\t\t\t\t\t\t\t\t<a href=\"https:\/\/boprelog.hr\/de\/kontakt\/\" class=\"link-icon\" target=\"_blank\">\t\t\t\t\t<div class=\"circle-icon icon-style-set\" style=\"background-color: #b78b1d\">\n\t\t\t\t\t\t\t\t\t\t\t\t\t<div class=\"fa fa-pencil-square-o\" style=\"color: #ffffff\"><\/div>\n\t\t\t\t\t\t\t\t\t\t\t<\/div> \n\t\t\t\t\t<\/a>\t\t\t\t<\/div>\n\t\t\t\n\t\t\t\t\t\t\t<a href=\"https:\/\/boprelog.hr\/de\/kontakt\/\" class=\"link-title\" target=\"_blank\">\n\t\t\t\t\t\t\t\t\t\t<h4 style=\"color: #ffffff\">\n\t\t\t\t\tKarriere\t\t\t\t<\/h4>\n\t\t\t\t\t\t\t\t\t\t<\/a>\n\t\t\t\n\t\t\t\t\t\t\t<p class=\"text\" style=\"color: #ffffff\">Ersetzen Sie die Baustelle durch Arbeit unter kontrollierten Bedingungen<\/p>\n\t\t\t\t\t\t\t\t\t\t<a href=\"https:\/\/boprelog.hr\/de\/kontakt\/\" class=\"more-button\" target=\"_blank\">Kontaktieren Sie uns! <i><\/i><\/a>\n\t\t\t\t\t<\/div>\n\t\t<\/div><\/div><\/div><div id=\"pg-52-3\"  class=\"panel-grid panel-has-style\" ><div class=\"wide-grey panel-row-style panel-row-style-for-52-3\" ><div id=\"pgc-52-3-0\"  class=\"panel-grid-cell\" ><div id=\"panel-52-3-0-0\" class=\"so-panel widget widget_headline-widget panel-first-child panel-last-child\" data-index=\"4\" >\t\t<h1>Zeigen, was m\u00f6glich ist.<\/h1>\n\t\t<div class=\"decoration\"><div class=\"decoration-inside\"><\/div><\/div>\n\t\t<h3><\/h3>\n\t\t<\/div><\/div><\/div><\/div><\/div>","protected":false},"excerpt":{"rendered":"<p>Proizvodnja prefabriciranih kupaonica Na\u0161a standardizirana gotova kupaonica proizvodi se od 2017. godine u na\u0161em pogonu u Prelogu, Hrvatska. Imaju te\u017einu od manje od 300 kg\/m\u00b2 i opremljene su svim funkcijama, potrebnim materijalima i namje\u0161tajem. Gotove kupaonice isporu\u010duju se &#8220;just in time&#8221; na gradili\u0161te i priklju\u010duju se u konstrukciju zgrade prema principu &#8220;Plug &amp; Play&#8221;. One [&hellip;]<\/p>","protected":false},"author":1,"featured_media":0,"parent":0,"menu_order":0,"comment_status":"closed","ping_status":"closed","template":"home-panels.php","meta":{"footnotes":""},"class_list":["post-52","page","type-page","status-publish","hentry","post"],"_links":{"self":[{"href":"https:\/\/boprelog.hr\/de\/wp-json\/wp\/v2\/pages\/52","targetHints":{"allow":["GET"]}}],"collection":[{"href":"https:\/\/boprelog.hr\/de\/wp-json\/wp\/v2\/pages"}],"about":[{"href":"https:\/\/boprelog.hr\/de\/wp-json\/wp\/v2\/types\/page"}],"author":[{"embeddable":true,"href":"https:\/\/boprelog.hr\/de\/wp-json\/wp\/v2\/users\/1"}],"replies":[{"embeddable":true,"href":"https:\/\/boprelog.hr\/de\/wp-json\/wp\/v2\/comments?post=52"}],"version-history":[{"count":13,"href":"https:\/\/boprelog.hr\/de\/wp-json\/wp\/v2\/pages\/52\/revisions"}],"predecessor-version":[{"id":100,"href":"https:\/\/boprelog.hr\/de\/wp-json\/wp\/v2\/pages\/52\/revisions\/100"}],"wp:attachment":[{"href":"https:\/\/boprelog.hr\/de\/wp-json\/wp\/v2\/media?parent=52"}],"curies":[{"name":"wp","href":"https:\/\/api.w.org\/{rel}","templated":true}]}}